{"id":995,"date":"2023-02-08T18:08:00","date_gmt":"2023-02-08T15:08:00","guid":{"rendered":"https:\/\/iwcma.selcuk.edu.tr\/?page_id=995"},"modified":"2023-06-26T10:29:06","modified_gmt":"2023-06-26T07:29:06","slug":"excursion","status":"publish","type":"page","link":"https:\/\/iwcma.selcuk.edu.tr\/index.php\/excursion\/","title":{"rendered":"Excursion"},"content":{"rendered":"<div id=\"pl-995\"  class=\"panel-layout\" ><div id=\"pg-995-0\"  class=\"panel-grid panel-no-style\" ><div id=\"pgc-995-0-0\"  class=\"panel-grid-cell\" ><div id=\"panel-995-0-0-0\" class=\"widget_text so-panel widget widget_custom_html panel-first-child panel-last-child\" data-index=\"0\" ><div class=\"textwidget custom-html-widget\"><html>\n\t<head>\n\t\t<!-- SLIDE SHOW -->\n\t\t<style>\n\t\t\t\t\t\/* Slideshow container *\/\n\t\t.slideshow-container {\n\t\t\tmax-width: 1000px;\n\t\t\tposition: relative;\n\t\t\tmargin: auto;\n\t\t}\n\n\t\t\/* Next & previous buttons *\/\n\t\t.prev, .next {\n\t\t\tcursor: pointer;\n\t\t\tposition: absolute;\n\t\t\ttop: 50%;\n\t\t\twidth: auto;\n\t\t\tpadding: 16px;\n\t\t\tmargin-top: -22px;\n\t\t\tcolor: white;\n\t\t\tfont-weight: bold;\n\t\t\tfont-size: 18px;\n\t\t\ttransition: 0.6s ease;\n\t\t\tborder-radius: 0 3px 3px 0;\n\t\t\tuser-select: none;\n\t\t}\n\n\t\t\/* Position the \"next button\" to the right *\/\n\t\t.next {\n\t\t\tright: 0;\n\t\t\tborder-radius: 3px 0 0 3px;\n\t\t}\n\n\t\t\/* On hover, add a black background color with a little bit see-through *\/\n\t\t.prev:hover, .next:hover {\n\t\t\tbackground-color: rgba(0,0,0,0.8);\n\t\t}\n\n\t\t\/* Caption text *\/\n\t\t.text {\n\t\t\tcolor: #f2f2f2;\n\t\t\tfont-size: 15px;\n\t\t\tpadding: 8px 12px;\n\t\t\tposition: absolute;\n\t\t\tbottom: 8px;\n\t\t\twidth: 100%;\n\t\t\ttext-align: center;\n\t\t}\n\n\t\t\/* Number text (1\/3 etc) *\/\n\t\t.numbertext {\n\t\t\tcolor: #f2f2f2;\n\t\t\tfont-size: 12px;\n\t\t\tpadding: 8px 12px;\n\t\t\tposition: absolute;\n\t\t\ttop: 0;\n\t\t}\n\n\t\t\/* The dots\/bullets\/indicators *\/\n\t\t.dot {\n\t\t\tcursor: pointer;\n\t\t\theight: 15px;\n\t\t\twidth: 15px;\n\t\t\tmargin: 0 2px;\n\t\t\tbackground-color: #bbb;\n\t\t\tborder-radius: 50%;\n\t\t\tdisplay: inline-block;\n\t\t\ttransition: background-color 0.6s ease;\n\t\t}\n\n\t\t.active, .dot:hover {\n\t\t\tbackground-color: #717171;\n\t\t}\n\n\t\t\/* Fading animation *\/\n\t\t.fade {\n\t\t\tanimation-name: fade;\n\t\t\tanimation-duration: 1.5s;\n\t\t}\n\n\t\t@keyframes fade {\n\t\t\tfrom {opacity: .4} \n\t\t\tto {opacity: 1}\n\t\t}\n\n\t\t\/* On smaller screens, decrease text size *\/\n\t\t@media only screen and (max-width: 300px) {\n\t\t\t.prev, .next,.text {font-size: 11px}\n\t\t}\n\t\t\t\t\/* Create two unequal columns that floats next to each other *\/\n\t\t\t\t.column {\n\t\t\t\t\tfloat: left;\n\t\t\t\t\tpadding: 10px;\n\t\t\t\t}\n\n\t\t\t\t.left {\n\t\t\t\t\twidth: 45%;\n\t\t\t\t}\n\t\t\t.mid {\n\t\t\t\twidth: 5%;\n\t\t\t}\n\t\t\t\t.right {\n\t\t\t\t\twidth: 30%;\n\t\t\t\t}\n\n\t\t\/* Clear floats after the columns *\/\n\t\t.row:after {\n\t\t\tcontent: \"\";\n\t\t\tdisplay: table;\n\t\t\tclear: both;\n\t\t}\n\t\t\/* Responsive layout - makes the two columns stack on top of each other instead of next to each other *\/\n\t\t@media screen and (max-width: 600px) {\n\t\t\t.column {\n\t\t\t\twidth: 100%;\n\t\t\t}\n\t\t}\n\t\t<\/style>\n\t\t<script>\n\t\t\tvar slideIndex = 1;\n\n\t\t\tvar myTimer;\n\n\t\t\tvar slideshowContainer;\n\n\t\t\twindow.addEventListener(\"load\",function() {\n\t\t\t\t\tshowSlides(slideIndex);\n\t\t\t\tif (slideIndex == 1){\n\t\t\t\t\tmyTimer = setInterval(function(){plusSlides(1)}, 5000);\n\t\t\t\t}\n\t\t\t\telse {\n\t\t\t\t\tmyTimer = setInterval(function(){plusSlides(1)}, 3500);\n\t\t\t\t}\n\t\t\t\t\t\n\n\t\t\t\t\t\/\/COMMENT OUT THE LINE BELOW TO KEEP ARROWS PART OF MOUSEENTER PAUSE\/RESUME\n\t\t\t\t\tslideshowContainer = document.getElementsByClassName('slideshow-inner')[0];\n\n\t\t\t\t\t\/\/UNCOMMENT OUT THE LINE BELOW TO KEEP ARROWS PART OF MOUSEENTER PAUSE\/RESUME\n\t\t\t\t\t\/\/ slideshowContainer = document.getElementsByClassName('slideshow-container')[0];\n\n\t\t\t\t\tslideshowContainer.addEventListener('mouseenter', pause)\n\t\t\t\t\tslideshowContainer.addEventListener('mouseleave', resume)\n\t\t\t})\n\n\t\t\t\/\/ NEXT AND PREVIOUS CONTROL\n\t\t\tfunction plusSlides(n){\n\t\t\t\tclearInterval(myTimer);\n\t\t\t\tif (n < 0){\n\t\t\t\t\tshowSlides(slideIndex -= 1);\n\t\t\t\t} else {\n\t\t\t\t showSlides(slideIndex += 1); \n\t\t\t\t}\n\n\t\t\t\t\/\/COMMENT OUT THE LINES BELOW TO KEEP ARROWS PART OF MOUSEENTER PAUSE\/RESUME\n\t\t\t\tif (slideIndex == 1){\n\t\t\t\t\tmyTimer = setInterval(function(){plusSlides(1)}, 5000);\n\t\t\t\t}else if (n === -1){\n\t\t\t\t\tmyTimer = setInterval(function(){plusSlides(n + 2)}, 3500);\n\t\t\t\t} else {\n\t\t\t\t\tmyTimer = setInterval(function(){plusSlides(n + 1)}, 3500);\n\t\t\t\t}\n\t\t\t}\n\n\t\t\t\/\/Controls the current slide and resets interval if needed\n\t\t\tfunction currentSlide(n){\n\t\t\t\tclearInterval(myTimer);\n\t\t\t\tif (slideIndex == 1){\n\t\t\t\t\tmyTimer = setInterval(function(){plusSlides(1)}, 5000);\n\t\t\t\t}\n\t\t\t\telse {\n\t\t\t\t\tmyTimer = setInterval(function(){plusSlides(1)}, 3500);\n\t\t\t\t}\n\t\t\t\tshowSlides(slideIndex = n);\n\t\t\t}\n\n\t\t\tfunction showSlides(n){\n\t\t\t\tvar i;\n\t\t\t\tvar slides = document.getElementsByClassName(\"mySlides\");\n\t\t\t\tvar dots = document.getElementsByClassName(\"dot\");\n\t\t\t\tif (n > slides.length) {slideIndex = 1}\n\t\t\t\tif (n < 1) {slideIndex = slides.length}\n\t\t\t\tfor (i = 0; i < slides.length; i++) {\n\t\t\t\t\t\tslides[i].style.display = \"none\";\n\t\t\t\t}\n\t\t\t\tfor (i = 0; i < dots.length; i++) {\n\t\t\t\t\t\tdots[i].className = dots[i].className.replace(\" active\", \"\");\n\t\t\t\t}\n\t\t\t\tslides[slideIndex-1].style.display = \"block\";\n\t\t\t\tdots[slideIndex-1].className += \" active\";\n\t\t\t}\n\n\t\t\tpause = () => {\n\t\t\t\tclearInterval(myTimer);\n\t\t\t}\n\n\t\t\tresume = () =>{\n\t\t\t\tclearInterval(myTimer);\n\t\t\t\tmyTimer = setInterval(function(){plusSlides(slideIndex)}, 2000);\n\t\t\t}\n\t\t\t\n\t\t\t$(document).ready(function() {\n    $('.pull-me').click(function() {\n        $('.panel').slideToggle('slow');\n    });\n});\n<\/script>\n\t\t<!-- SLIDE SHOW -->\n\t\t\n\t\t\t<!-- BLINK TEXT ANIMATION -->\n    <style type=\"text\/css\">\n      .blinktext {\n          -webkit-animation: blink-text 800ms linear infinite;\n          -moz-animation: blink-text 800ms linear infinite;\n          -ms-animation: blink-text 800ms linear infinite;\n          -o-animation: blink-text 800ms linear infinite;\n           animation: blink-text 800ms linear infinite;\n      }\n      @-webkit-keyframes blink-text {\n          0% { opacity: 1; }\n          50% { opacity: 1; }\n          50.01% { opacity: 0; }\n          100% { opacity: 0; }\n      }\n      @-moz-keyframes blink-text {\n          0% { opacity: 1; }\n          50% { opacity: 1; }\n          50.01% { opacity: 0; }\n          100% { opacity: 0; }\n      }\n      @-ms-keyframes blink-text {\n          0% { opacity: 1; }\n          50% { opacity: 1; }\n          50.01% { opacity: 0; }\n          100% { opacity: 0; }\n      }\n      @-o-keyframes blink-text {\n          0% { opacity: 1; }\n          50% { opacity: 1; }\n          50.01% { opacity: 0; }\n          100% { opacity: 0; }\n      }\n      @keyframes blink-text {\n          0% { opacity: 1; }\n          50% { opacity: 1; }\n          50.01% { opacity: 0; }\n          100% { opacity: 0; }\n      }\n\t\t\n\t<\/style>\n\t\t\n<!-- BLINK TEXT ANIMATION -->\n\t\t\n\t\t<!-- BUTTON -->\n\t\t<style>\n\t\t\t.styled {\n\t\t\tborder: 0;\n\t\t\tline-height: 2.5;\n\t\t\tpadding: 0 20px;\n\t\t\tfont-size: 2rem;\n\t\t\ttext-align: center;\n\t\t\tcolor: #fff;\n\t\t\ttext-shadow: 1px 1px 1px #000;\n\t\t\tborder-radius: 10px;\n\t\t\tbackground-color: #000d89;\n\t\t\tbackground-image: linear-gradient(to top left, rgba(0, 0, 0, 0.2), rgba(0, 0, 0, 0.2) 30%, rgba(0, 0, 0, 0));\n\t\t\tbox-shadow: inset 2px 2px 3px rgba(255, 255, 255, 0.6), inset -2px -2px 3px rgba(0, 0, 0, 0.6);\n\t}\n\n\t\t.styled:hover {\n\t\t\t\tbackground-color: #4fafb7;\n\t\t}\n\n\t\t.styled:active {\n\t\t\t\tbox-shadow: inset -2px -2px 3px rgba(255, 255, 255, 0.6), inset 2px 2px 3px rgba(0, 0, 0, 0.6);\n\t\t}\n\t<\/style>\n\t\t<!-- BUTTON END -->\n\t<\/head>\n\t<body>\n\t\t<h2 class=\"section-title\" style=\"text-align:center;\">\n\t\t\tCAPPADOCIA TRIP\n\t\t<\/h2>\n\t\t<p style=\"font-size:16pt; color:red; text-align:center;\">\n\t\t\tCappadocia trip is planned for 3rd day of the Workshop. \n\t\t<\/p>\n\t\t\t<ul style=\"text-align:center;\">\n\t\t\t\t<li>The trip includes:<\/li>\n\t\t\t\t<li>Breakfast at Aksaray, T\u00fcrkiye<\/li>\n\t\t\t\t<li>Ihlara Valley trip<\/li>\n\t\t\t\t<li>Derinkuyu underground city trip<\/li>\n\t\t\t\t<li>G\u00f6reme Open Air Museum<\/li>\n\t\t\t\t<li>Buffet lunch at Cappadocia<\/li>\n\t\t\t\t<li>Cappadocia trip<\/li>\n\t\t\t\t<li>English guide<\/li>\n\t\t<\/ul>\n\t\t\n\t\t<div class=\"slideshow-container\">\n\n\t\t\t<div class=\"mySlides fade\">\n\t\t\t\t<img decoding=\"async\" src=\"https:\/\/metinturgay.net\/tr\/kaynaklar-klasor\/kapadokya1.jpg\" style=\"width:100%\">\n\t\t\t\t<div class=\"text\">CAPPADOCIA<\/div>\n\t\t\t<\/div>\n\n\t\t\t<div class=\"mySlides fade\">\n\t\t\t\t<img decoding=\"async\" src=\"https:\/\/metinturgay.net\/tr\/kaynaklar-klasor\/kapadokya2.jpg\" style=\"width:100%\">\n\t\t\t\t<div class=\"text\">CAPPADOCIA<\/div>\n\t\t\t<\/div>\n\n\t\t\t<div class=\"mySlides fade\">\n\t\t\t\t<img decoding=\"async\" src=\"https:\/\/metinturgay.net\/tr\/kaynaklar-klasor\/kapadokya3.jpg\" style=\"width:100%\">\n\t\t\t\t<div class=\"text\">CAPPADOCIA<\/div>\n\t\t\t<\/div>\n\n\t\t\t<div class=\"mySlides fade\">\n\t\t\t\t<img decoding=\"async\" src=\"https:\/\/metinturgay.net\/tr\/kaynaklar-klasor\/kapadokya4.jpg\" style=\"width:100%\">\n\t\t\t\t<div class=\"text\">CAPPADOCIA<\/div>\n\t\t\t<\/div>\n\n\t\t\t<div class=\"mySlides fade\">\n\t\t\t\t<img decoding=\"async\" src=\"https:\/\/metinturgay.net\/tr\/kaynaklar-klasor\/kapadokya5.jpg\" style=\"width:100%\">\n\t\t\t\t<div class=\"text\">CAPPADOCIA<\/div>\n\t\t\t<\/div>\n\t\t\t\n\t\t\t<div class=\"mySlides fade\">\n\t\t\t\t<img decoding=\"async\" src=\"https:\/\/metinturgay.net\/tr\/kaynaklar-klasor\/kapadokya6.jpg\" style=\"width:100%\">\n\t\t\t\t<div class=\"text\">CAPPADOCIA<\/div>\n\t\t\t<\/div>\n\t\t\t\n\t\t\t<div class=\"mySlides fade\">\n\t\t\t\t<img decoding=\"async\" src=\"https:\/\/metinturgay.net\/tr\/kaynaklar-klasor\/kapadokya7.jpg\" style=\"width:100%\">\n\t\t\t\t<div class=\"text\">CAPPADOCIA<\/div>\n\t\t\t<\/div>\n\t\t\t\n\t\t\t<div class=\"mySlides fade\">\n\t\t\t\t<img decoding=\"async\" src=\"https:\/\/metinturgay.net\/tr\/kaynaklar-klasor\/kapadokya8.jpg\" style=\"width:100%\">\n\t\t\t\t<div class=\"text\">CAPPADOCIA<\/div>\n\t\t\t<\/div>\n\t\t\t\n\t\t\t<div class=\"mySlides fade\">\n\t\t\t\t<img decoding=\"async\" src=\"https:\/\/metinturgay.net\/tr\/kaynaklar-klasor\/kapadokya9.jpg\" style=\"width:100%\">\n\t\t\t\t<div class=\"text\">CAPPADOCIA<\/div>\n\t\t\t<\/div>\n\t\t\t\n\t\t<a class=\"prev\" onclick=\"plusSlides(-1)\">\u276e<\/a>\n\t\t<a class=\"next\" onclick=\"plusSlides(1)\">\u276f<\/a>\t\n\t\t\t\n\t\t<\/div>\n\t\t<br>\n\t\t\n\t\t<div style=\"text-align:center\">\n\t\t\t<span class=\"dot\" onclick=\"currentSlide(1)\"><\/span> \n\t\t\t<span class=\"dot\" onclick=\"currentSlide(2)\"><\/span>\n\t\t\t<span class=\"dot\" onclick=\"currentSlide(3)\"><\/span>\n\t\t\t<span class=\"dot\" onclick=\"currentSlide(4)\"><\/span>\n\t\t\t<span class=\"dot\" onclick=\"currentSlide(5)\"><\/span>\n\t\t\t<span class=\"dot\" onclick=\"currentSlide(6)\"><\/span>\n\t\t\t<span class=\"dot\" onclick=\"currentSlide(7)\"><\/span>\n\t\t\t<span class=\"dot\" onclick=\"currentSlide(8)\"><\/span>\n\t\t\t<span class=\"dot\" onclick=\"currentSlide(9)\"><\/span>\n\t\t<\/div>\n\t\t<p>\n\t\t\tCappadocia is a historical region in Central Anatolia, Turkey. It is largely in the provinces of Nev\u015fehir, Kayseri, Aksaray, K\u0131r\u015fehir, Sivas and Ni\u011fde. According to Herodotus, in the time of the Ionian Revolt (499 BC), the Cappadocians were reported as occupying a region from Mount Taurus to the vicinity of the Euxine (Black Sea). Cappadocia, in this sense, was bounded in the south by the chain of the Taurus Mountains that separate it from Cilicia, to the east by the upper Euphrates, to the north by Pontus, and to the west by Lycaonia and eastern Galatia. The name, traditionally used in Christian sources throughout history, continues in use as an international tourism concept to define a region of exceptional natural wonders, in particular characterized by fairy chimneys and a unique historical and cultural heritage (for more see <a href=\"https:\/\/en.wikipedia.org\/wiki\/Cappadocia\">wiki<\/a>).\n\t\t<\/p>\n\n\n\t\t\t\t\n\t<\/body>\n<\/html>\n<!--\n\t\t<h2 id=\"bankinfo\" style=\"text-align:center;\">\n\t\t\tBANK INFORMATION\n\t\t<\/h2>\n\t  <p>\n\t\t\tThe payment of the excursion fee should be made by transfer to the following bank account:\n\t\t<\/p>\n\t\t<ul>\n\t\t\t<li>IBAN: TR17 0006 7010 0000 0033 2698 22<\/li>\n\t\t\t<li>Swift code: YAPITRISXXX<\/li>\n\t\t\t<li>Name of the Bank: Yap\u0131 ve Kredi Bankas\u0131\u00a0A.\u015e.<\/li>\n\t\t\t<li>Adress of the Bank: Yenido\u011fan, Cumhuriyet Cd. No:28, 71200 K\u0131r\u0131kkale Merkez\/K\u0131r\u0131kkale<\/li>\n\t\t\t<li>Owner of the Account: FIRAT \u00d6ZSARA\u00c7<\/li>\n\t\t\t<li>Address of the Owner of the Account: K\u0131r\u0131kkale University, Faculty of Science and Art, Department of Mathematics, 71450, Yahsihan, Kirikkale,\u00a0Turkey<\/li>\n\t\t\t<li>Reason for transfer: IWCMA 2023 EXCURSION FEE + name of the participant<\/li>\n\t\t<\/ul>\n\t\t<p>\n\t\t\tPlease, accurately fill the reason for the transfer. The excursion fee is not refundable and there is no reduction. We apologize that we cannot accept payment in local during the Workshop.\n\t\t<\/p>\n--><\/div><\/div><\/div><\/div><\/div>","protected":false},"excerpt":{"rendered":"<p>CAPPADOCIA TRIP Cappadocia trip is planned for 3rd day of the Workshop. The trip includes: Breakfast at Aksaray, T\u00fcrkiye Ihlara [&hellip;]<\/p>\n","protected":false},"author":2,"featured_media":0,"parent":0,"menu_order":0,"comment_status":"closed","ping_status":"closed","template":"","meta":{"footnotes":""},"class_list":["post-995","page","type-page","status-publish","hentry"],"_links":{"self":[{"href":"https:\/\/iwcma.selcuk.edu.tr\/index.php\/wp-json\/wp\/v2\/pages\/995","targetHints":{"allow":["GET"]}}],"collection":[{"href":"https:\/\/iwcma.selcuk.edu.tr\/index.php\/wp-json\/wp\/v2\/pages"}],"about":[{"href":"https:\/\/iwcma.selcuk.edu.tr\/index.php\/wp-json\/wp\/v2\/types\/page"}],"author":[{"embeddable":true,"href":"https:\/\/iwcma.selcuk.edu.tr\/index.php\/wp-json\/wp\/v2\/users\/2"}],"replies":[{"embeddable":true,"href":"https:\/\/iwcma.selcuk.edu.tr\/index.php\/wp-json\/wp\/v2\/comments?post=995"}],"version-history":[{"count":23,"href":"https:\/\/iwcma.selcuk.edu.tr\/index.php\/wp-json\/wp\/v2\/pages\/995\/revisions"}],"predecessor-version":[{"id":1367,"href":"https:\/\/iwcma.selcuk.edu.tr\/index.php\/wp-json\/wp\/v2\/pages\/995\/revisions\/1367"}],"wp:attachment":[{"href":"https:\/\/iwcma.selcuk.edu.tr\/index.php\/wp-json\/wp\/v2\/media?parent=995"}],"curies":[{"name":"wp","href":"https:\/\/api.w.org\/{rel}","templated":true}]}}