{"id":801,"date":"2023-02-07T12:18:42","date_gmt":"2023-02-07T09:18:42","guid":{"rendered":"https:\/\/iwcma.selcuk.edu.tr\/?page_id=801"},"modified":"2023-02-09T12:17:26","modified_gmt":"2023-02-09T09:17:26","slug":"secreteriat","status":"publish","type":"page","link":"https:\/\/iwcma.selcuk.edu.tr\/index.php\/secreteriat\/","title":{"rendered":"Secreteriat"},"content":{"rendered":"<div id=\"pl-801\"  class=\"panel-layout\" ><div id=\"pg-801-0\"  class=\"panel-grid panel-no-style\" ><div id=\"pgc-801-0-0\"  class=\"panel-grid-cell\" ><div id=\"panel-801-0-0-0\" class=\"so-panel widget widget_themegrill_flash_heading tg-widget section-title-wrapper panel-first-child\" data-index=\"0\" >\t<h3 class=\"section-title\">SECRETERIAT<\/h3>\n<\/div><div id=\"panel-801-0-0-1\" class=\"widget_text so-panel widget widget_custom_html panel-last-child\" data-index=\"1\" ><div class=\"textwidget custom-html-widget\"><html>\n\t<head>\n\t\t<style>\n\n\t\t<\/style>\n\t<\/head>\n\t<body>\n\t\t<p>\n\t\t\tIf you wish to contact the secretariat, please write to <strong>iwcma2023@gmail.com<\/strong>\n\t\t<\/p>\n\t\t<div>\n\t\t\t<ul>\n\t\t\t\t<li>Abdulkadir Eke<\/li>\n\t\t\t\t<li>E\u015fref Erdo\u011fan<\/li>\n\t\t\t\t<li>Sadettin Kur\u015fun<\/li>\n\t\t\t\t<li>Dilek \u00d6zer<\/li>\n\t\t\t\t<li>Aybala Sevde \u00d6zkapu<\/li>\n\t\t\t<\/ul>\n\t\t<\/div>\n\t<\/body>\n<\/html><\/div><\/div><\/div><\/div><\/div>","protected":false},"excerpt":{"rendered":"<p>SECRETERIAT If you wish to contact the secretariat, please write to iwcma2023@gmail.com Abdulkadir Eke E\u015fref Erdo\u011fan Sadettin Kur\u015fun Dilek \u00d6zer [&hellip;]<\/p>\n","protected":false},"author":2,"featured_media":0,"parent":0,"menu_order":0,"comment_status":"closed","ping_status":"closed","template":"","meta":{"footnotes":""},"class_list":["post-801","page","type-page","status-publish","hentry"],"_links":{"self":[{"href":"https:\/\/iwcma.selcuk.edu.tr\/index.php\/wp-json\/wp\/v2\/pages\/801","targetHints":{"allow":["GET"]}}],"collection":[{"href":"https:\/\/iwcma.selcuk.edu.tr\/index.php\/wp-json\/wp\/v2\/pages"}],"about":[{"href":"https:\/\/iwcma.selcuk.edu.tr\/index.php\/wp-json\/wp\/v2\/types\/page"}],"author":[{"embeddable":true,"href":"https:\/\/iwcma.selcuk.edu.tr\/index.php\/wp-json\/wp\/v2\/users\/2"}],"replies":[{"embeddable":true,"href":"https:\/\/iwcma.selcuk.edu.tr\/index.php\/wp-json\/wp\/v2\/comments?post=801"}],"version-history":[{"count":10,"href":"https:\/\/iwcma.selcuk.edu.tr\/index.php\/wp-json\/wp\/v2\/pages\/801\/revisions"}],"predecessor-version":[{"id":1021,"href":"https:\/\/iwcma.selcuk.edu.tr\/index.php\/wp-json\/wp\/v2\/pages\/801\/revisions\/1021"}],"wp:attachment":[{"href":"https:\/\/iwcma.selcuk.edu.tr\/index.php\/wp-json\/wp\/v2\/media?parent=801"}],"curies":[{"name":"wp","href":"https:\/\/api.w.org\/{rel}","templated":true}]}}