{"id":796,"date":"2023-02-07T12:16:45","date_gmt":"2023-02-07T09:16:45","guid":{"rendered":"https:\/\/iwcma.selcuk.edu.tr\/?page_id=796"},"modified":"2023-02-08T21:09:24","modified_gmt":"2023-02-08T18:09:24","slug":"chairs","status":"publish","type":"page","link":"https:\/\/iwcma.selcuk.edu.tr\/index.php\/chairs\/","title":{"rendered":"Chairs"},"content":{"rendered":"<div id=\"pl-796\"  class=\"panel-layout\" ><div id=\"pg-796-0\"  class=\"panel-grid panel-no-style\" ><div id=\"pgc-796-0-0\"  class=\"panel-grid-cell\" ><div id=\"panel-796-0-0-0\" class=\"so-panel widget widget_themegrill_flash_heading tg-widget section-title-wrapper panel-first-child\" data-index=\"0\" >\t<h3 class=\"section-title\">CHAIRMEN<\/h3>\n<\/div><div id=\"panel-796-0-0-1\" class=\"widget_text so-panel widget widget_custom_html panel-last-child\" data-index=\"1\" ><div class=\"textwidget custom-html-widget\"><!DOCTYPE html>\n<html>\n<head>\n<meta name=\"viewport\" content=\"width=device-width, initial-scale=1\">\n<style>\n\t.center {\n  display: block;\n  margin-left: auto;\n  margin-right: auto;\n  width: 50%;\n}\nimg {\n  border-radius: 50%;\n}\n<\/style>\n<\/head>\n<body>\n<p style=\"font-size:220%\" align=\"center\">\n\tTuncer Acar <br>\n<i style=\"font-size:80%\">Sel\u00e7uk University, T\u00fcrkiye<\/i>\n<\/p>\n<p style=\"font-size:220%\" align=\"center\">\n\tOsman Alag\u00f6z<br>\n<i style=\"font-size:80%\">Bilecik \u015eeyh Edebali University, T\u00fcrkiye<\/i>\n<\/p>\n\t\n<\/body>\n<\/html> <\/div><\/div><\/div><\/div><\/div>","protected":false},"excerpt":{"rendered":"<p>CHAIRMEN Tuncer Acar Sel\u00e7uk University, T\u00fcrkiye Osman Alag\u00f6z Bilecik \u015eeyh Edebali University, T\u00fcrkiye<\/p>\n","protected":false},"author":2,"featured_media":0,"parent":0,"menu_order":0,"comment_status":"closed","ping_status":"closed","template":"","meta":{"footnotes":""},"class_list":["post-796","page","type-page","status-publish","hentry"],"_links":{"self":[{"href":"https:\/\/iwcma.selcuk.edu.tr\/index.php\/wp-json\/wp\/v2\/pages\/796","targetHints":{"allow":["GET"]}}],"collection":[{"href":"https:\/\/iwcma.selcuk.edu.tr\/index.php\/wp-json\/wp\/v2\/pages"}],"about":[{"href":"https:\/\/iwcma.selcuk.edu.tr\/index.php\/wp-json\/wp\/v2\/types\/page"}],"author":[{"embeddable":true,"href":"https:\/\/iwcma.selcuk.edu.tr\/index.php\/wp-json\/wp\/v2\/users\/2"}],"replies":[{"embeddable":true,"href":"https:\/\/iwcma.selcuk.edu.tr\/index.php\/wp-json\/wp\/v2\/comments?post=796"}],"version-history":[{"count":10,"href":"https:\/\/iwcma.selcuk.edu.tr\/index.php\/wp-json\/wp\/v2\/pages\/796\/revisions"}],"predecessor-version":[{"id":1011,"href":"https:\/\/iwcma.selcuk.edu.tr\/index.php\/wp-json\/wp\/v2\/pages\/796\/revisions\/1011"}],"wp:attachment":[{"href":"https:\/\/iwcma.selcuk.edu.tr\/index.php\/wp-json\/wp\/v2\/media?parent=796"}],"curies":[{"name":"wp","href":"https:\/\/api.w.org\/{rel}","templated":true}]}}